{"id":484,"date":"2023-10-10T22:23:05","date_gmt":"2023-10-10T20:23:05","guid":{"rendered":"http:\/\/servicepartner.com.pl\/wp-sp\/?page_id=484"},"modified":"2023-10-11T20:58:27","modified_gmt":"2023-10-11T18:58:27","slug":"malowanie-proszkowe","status":"publish","type":"page","link":"https:\/\/servicepartner.com.pl\/wp-sp\/malowanie-proszkowe\/","title":{"rendered":"Malowanie-proszkowe"},"content":{"rendered":"\t\t<div data-elementor-type=\"wp-page\" data-elementor-id=\"484\" class=\"elementor elementor-484\">\n\t\t\t\t\t\t\t<div class=\"elementor-element elementor-element-e284b3f e-con-full e-flex e-con e-parent\" data-id=\"e284b3f\" data-element_type=\"container\" data-settings=\"{&quot;content_width&quot;:&quot;full&quot;,&quot;background_background&quot;:&quot;classic&quot;}\" data-core-v316-plus=\"true\">\n\t\t\t\t<\/div>\n\t\t<div class=\"elementor-element elementor-element-a568662 e-flex e-con-boxed e-con e-parent\" data-id=\"a568662\" data-element_type=\"container\" data-settings=\"{&quot;content_width&quot;:&quot;boxed&quot;}\" data-core-v316-plus=\"true\">\n\t\t\t\t\t<div class=\"e-con-inner\">\n\t\t<div class=\"elementor-element elementor-element-d3fabc5 e-con-full e-flex e-con e-child\" data-id=\"d3fabc5\" data-element_type=\"container\" data-settings=\"{&quot;content_width&quot;:&quot;full&quot;}\">\n\t\t\t\t<div class=\"elementor-element elementor-element-cf238bb elementor-widget elementor-widget-text-editor\" data-id=\"cf238bb\" data-element_type=\"widget\" data-widget_type=\"text-editor.default\">\n\t\t\t\t<div class=\"elementor-widget-container\">\n\t\t\t<style>\/*! elementor - v3.17.0 - 01-11-2023 *\/\n.elementor-widget-text-editor.elementor-drop-cap-view-stacked .elementor-drop-cap{background-color:#69727d;color:#fff}.elementor-widget-text-editor.elementor-drop-cap-view-framed .elementor-drop-cap{color:#69727d;border:3px solid;background-color:transparent}.elementor-widget-text-editor:not(.elementor-drop-cap-view-default) .elementor-drop-cap{margin-top:8px}.elementor-widget-text-editor:not(.elementor-drop-cap-view-default) .elementor-drop-cap-letter{width:1em;height:1em}.elementor-widget-text-editor .elementor-drop-cap{float:left;text-align:center;line-height:1;font-size:50px}.elementor-widget-text-editor .elementor-drop-cap-letter{display:inline-block}<\/style>\t\t\t\t<h2 class=\"elementor-heading-title elementor-size-default\">Malowanie proszkowe<\/h2>\t\t\t\t\t\t<\/div>\n\t\t\t\t<\/div>\n\t\t\t\t<\/div>\n\t\t<div class=\"elementor-element elementor-element-ba1db59 e-con-full e-flex e-con e-child\" data-id=\"ba1db59\" data-element_type=\"container\" data-settings=\"{&quot;content_width&quot;:&quot;full&quot;}\">\n\t\t\t\t<div class=\"elementor-element elementor-element-45025c7 elementor-widget elementor-widget-text-editor\" data-id=\"45025c7\" data-element_type=\"widget\" data-widget_type=\"text-editor.default\">\n\t\t\t\t<div class=\"elementor-widget-container\">\n\t\t\t\t\t\t\t<div class=\"elementor-element elementor-element-fefef61 elementor-widget__width-initial elementor-widget elementor-widget-heading\" data-id=\"fefef61\" data-element_type=\"widget\" data-widget_type=\"heading.default\"><div class=\"elementor-widget-container\"><h3 class=\"elementor-heading-title elementor-size-default\">MAKSYMALNE WYMIARY MALOWANYCH ELEMENT\u00d3W:\u00a0 \u00a0 \u00a0 \u00a0 7 X 2,4 X 1,5 M<\/h3><\/div><\/div><div class=\"elementor-element elementor-element-a421aff elementor-widget elementor-widget-text-editor\" data-id=\"a421aff\" data-element_type=\"widget\" data-widget_type=\"text-editor.default\"><div class=\"elementor-widget-container\"><p>Malowanie proszkowe jest najbardziej efektywnym sposobem pokrywania metali. Polega na\u00a0nak\u0142adaniu naelektryzowanych cz\u0105stek farby proszkowej na\u00a0malowany element.<\/p><p>Naniesiona warstwa proszku utrzymuje si\u0119 na\u00a0powierzchni dzi\u0119ki si\u0142om elektrostatycznym. Nast\u0119pnie pokryte farb\u0105 elementy s\u0105\u00a0wygrzewane w\u00a0piecu w\u00a0temperaturze od\u00a0140 do\u00a0200\u00b0C, gdzie proszek ulega stopieniu i\u00a0polimeryzacji.<\/p><p>Proces ten zabezpiecza metal przed\u00a0czynnikami atmosferycznymi oraz\u00a0zwi\u0119ksza odporno\u015b\u0107 na\u00a0uszkodzenia mechaniczne. Zalet\u0105 farb proszkowych jest ich r\u00f3\u017cnorodno\u015b\u0107.<\/p><p>Mo\u017cemy uzyska\u0107 pow\u0142ok\u0119 w\u00a0pe\u0142nej kolorystyce RAL o\u00a0dowolnym efekcie wyko\u0144czenia (mat, p\u00f3\u0142mat, po\u0142ysk o\u00a0strukturze drobno lub grubo ziarnistej).<\/p><p>Dodatkowe walory estetyczne pozwalaj\u0105 osi\u0105gn\u0105\u0107 farby z\u00a0efektem dekoracyjnym (antyczny, brokat, patynowany).<\/p><\/div><\/div>\t\t\t\t\t\t<\/div>\n\t\t\t\t<\/div>\n\t\t\t\t<\/div>\n\t\t\t\t\t<\/div>\n\t\t\t\t<\/div>\n\t\t<div class=\"elementor-element elementor-element-b572254 e-flex e-con-boxed e-con e-parent\" data-id=\"b572254\" data-element_type=\"container\" data-settings=\"{&quot;content_width&quot;:&quot;boxed&quot;}\" data-core-v316-plus=\"true\">\n\t\t\t\t\t<div class=\"e-con-inner\">\n\t\t\t\t<div class=\"elementor-element elementor-element-ac27e83 elementor-widget elementor-widget-text-editor\" data-id=\"ac27e83\" data-element_type=\"widget\" data-widget_type=\"text-editor.default\">\n\t\t\t\t<div class=\"elementor-widget-container\">\n\t\t\t\t\t\t\t<p><strong>Istnieje wiele metody malowania przedmiot\u00f3w metalowych. Szczeg\u00f3ln\u0105 popularno\u015bci\u0105 w\u015br\u00f3d klient\u00f3w prywatnych i biznesowych cieszy si\u0119 malowanie proszkowe. Szeroki zakres us\u0142ug w tej dziedzinie oferuje nasza lakiernia, w\u00a0kt\u00f3rej\u00a0mo\u017cna malowa\u0107 proszkowo przedmioty zar\u00f3wno niewielkich, jak i\u00a0ca\u0142kiem sporych gabaryt\u00f3w.<\/strong><\/p><p>Na\u00a0czym polega ten proces oraz\u00a0od\u00a0czego zale\u017cy cena za\u00a0malowanie proszkowe?<\/p>\t\t\t\t\t\t<\/div>\n\t\t\t\t<\/div>\n\t\t\t\t\t<\/div>\n\t\t\t\t<\/div>\n\t\t<div class=\"elementor-element elementor-element-e4c449b e-flex e-con-boxed e-con e-parent\" data-id=\"e4c449b\" data-element_type=\"container\" data-settings=\"{&quot;content_width&quot;:&quot;boxed&quot;}\" data-core-v316-plus=\"true\">\n\t\t\t\t\t<div class=\"e-con-inner\">\n\t\t\t\t<div class=\"elementor-element elementor-element-66e4ded elementor-widget elementor-widget-text-editor\" data-id=\"66e4ded\" data-element_type=\"widget\" data-widget_type=\"text-editor.default\">\n\t\t\t\t<div class=\"elementor-widget-container\">\n\t\t\t\t\t\t\t<div class=\"elementor-element elementor-element-589f187 e-flex e-con-boxed e-con\" data-id=\"589f187\" data-element_type=\"container\" data-settings=\"{&quot;content_width&quot;:&quot;boxed&quot;}\"><div class=\"e-con-inner\"><div class=\"elementor-element elementor-element-0f88438 elementor-widget__width-initial elementor-widget elementor-widget-heading\" data-id=\"0f88438\" data-element_type=\"widget\" data-widget_type=\"heading.default\"><h3 class=\"elementor-widget-container\">CO\u00a0TO\u00a0JEST MALOWANIE PROSZKOWE \u2013 NIECO PRAKTYCZNYCH INFORMACJI O\u00a0TECHNICE<\/h3><\/div><div class=\"elementor-element elementor-element-5d303be elementor-widget elementor-widget-spacer\" data-id=\"5d303be\" data-element_type=\"widget\" data-widget_type=\"spacer.default\"><div class=\"elementor-widget-container\"><div class=\"elementor-spacer\"><div class=\"elementor-spacer-inner\"><span style=\"font-style: inherit; font-weight: inherit; text-align: var(--text-align); background-color: var(--ast-global-color-4); color: var(--ast-global-color-3);\">Malowanie proszkowe sk\u0142ada si\u0119 z\u00a0kilku podstawowych etap\u00f3w:<\/span><\/div><\/div><\/div><\/div><div class=\"elementor-element elementor-element-aa46c4f elementor-widget elementor-widget-text-editor\" data-id=\"aa46c4f\" data-element_type=\"widget\" data-widget_type=\"text-editor.default\"><div class=\"elementor-widget-container\"><ul><li>przygotowania powierzchni do\u00a0malowania,<\/li><li>nak\u0142adania cz\u0105steczek proszku na\u00a0powierzchni\u0119 metalu,<\/li><li>wygrzewania element\u00f3w w\u00a0piecu.<\/li><\/ul><p>W\u00a0ten spos\u00f3b otrzymuje si\u0119 niezmiernie trwa\u0142\u0105 pow\u0142ok\u0119, odporn\u0105 na\u00a0uszkodzenia mechaniczne oraz\u00a0szkodliwe czynniki zewn\u0119trzne, w\u00a0tym cho\u0107by promieniowanie UV, wilgo\u0107 lub zmiany temperatury.<br \/>Malowanie proszkowe wykorzystuje si\u0119 do\u00a0zabezpieczania rozmaitych element\u00f3w \u2013 konstrukcji metalowych, cz\u0119\u015bci samochodowych, specjalistyczne podzespo\u0142y maszyn i\u00a0urz\u0105dze\u0144,\u00a0 r\u00f3\u017cne rodzaje metaloplastyki (np.\u00a0bramy wjazdowe, ogrodzenia, meble).<\/p><p>Na\u00a0czym polega ten proces oraz\u00a0od\u00a0czego zale\u017cy cena za\u00a0malowanie proszkowe?<\/p><\/div><\/div><\/div><\/div><div class=\"elementor-element elementor-element-a11ec70 e-flex e-con-boxed e-con\" data-id=\"a11ec70\" data-element_type=\"container\" data-settings=\"{&quot;content_width&quot;:&quot;boxed&quot;}\"><div class=\"e-con-inner\"><div class=\"elementor-element elementor-element-afd5745 elementor-widget__width-initial elementor-widget elementor-widget-heading\" data-id=\"afd5745\" data-element_type=\"widget\" data-widget_type=\"heading.default\"><div class=\"elementor-widget-container\"><h2 class=\"elementor-heading-title elementor-size-default\">JAK PRZYGOTOWA\u0106 POWIERZCHNI\u0118 METALU DO\u00a0MALOWANIA PROSZKOWEGO? CENA ZA\u00a0MALOWANIE PROSZKOWE<\/h2><\/div><\/div><div class=\"elementor-element elementor-element-29d9144 elementor-widget elementor-widget-spacer\" data-id=\"29d9144\" data-element_type=\"widget\" data-widget_type=\"spacer.default\"><div class=\"elementor-widget-container\"><div class=\"elementor-spacer\"><div class=\"elementor-spacer-inner\">\u00a0<\/div><\/div><\/div><\/div><div class=\"elementor-element elementor-element-a543655 elementor-widget elementor-widget-text-editor\" data-id=\"a543655\" data-element_type=\"widget\" data-widget_type=\"text-editor.default\"><div class=\"elementor-widget-container\"><p>Idealny efekty przy malowaniu proszkowym mo\u017cna uzyska\u0107 tylko\u00a0je\u015bli wcze\u015bniej zadba si\u0119 o\u00a0prawid\u0142owe przygotowanie powierzchni, kt\u00f3ra\u00a0ma\u00a0by\u0107 pokryta farb\u0105.<\/p><p>Powierzchnia musi by\u0107 przede wszystkim dok\u0142adnie oczyszczona, aby p\u00f3\u017aniej naniesiona pow\u0142oka mog\u0142a by\u0107 trwa\u0142a i\u00a0odporna na\u00a0uszkodzenia.<\/p><p>Proces przygotowania nale\u017cy zatem zacz\u0105\u0107 od\u00a0eliminacji wszystkich zabrudze\u0144 i\u00a0nier\u00f3wno\u015bci metalu. Odbywa si\u0119 to\u00a0na\u00a0drodze piaskowania, odpylania i\u00a0odt\u0142uszczania. Pozwala to\u00a0uzyska\u0107 idealnie g\u0142adk\u0105 powierzchni\u0119, co\u00a0prze\u0142o\u017cy si\u0119 na\u00a0r\u00f3wnomierne roz\u0142o\u017cenie proszku oraz\u00a0ograniczenie p\u00f3\u017aniejszych odpry\u015bni\u0119\u0107 farby.<\/p><p>Kolejnym krokiem jest nadawanie chropowato\u015bci powierzchni. Dokonuje si\u0119 tego na\u00a0dwa sposoby: poprzez obr\u00f3bk\u0119 mechaniczn\u0105 i\u00a0chemiczn\u0105. Intensywno\u015b\u0107 procesu dobiera si\u0119 oczywi\u015bcie do\u00a0konkretnego elementu.<\/p><\/div><\/div><\/div><\/div>\t\t\t\t\t\t<\/div>\n\t\t\t\t<\/div>\n\t\t\t\t\t<\/div>\n\t\t\t\t<\/div>\n\t\t<div class=\"elementor-element elementor-element-47d7f1f e-flex e-con-boxed e-con e-parent\" data-id=\"47d7f1f\" data-element_type=\"container\" data-settings=\"{&quot;content_width&quot;:&quot;boxed&quot;}\" data-core-v316-plus=\"true\">\n\t\t\t\t\t<div class=\"e-con-inner\">\n\t\t\t\t<div class=\"elementor-element elementor-element-531ff14 elementor-widget elementor-widget-image-gallery\" data-id=\"531ff14\" data-element_type=\"widget\" data-widget_type=\"image-gallery.default\">\n\t\t\t\t<div class=\"elementor-widget-container\">\n\t\t\t<style>\/*! elementor - v3.17.0 - 01-11-2023 *\/\n.elementor-image-gallery .gallery-item{display:inline-block;text-align:center;vertical-align:top;width:100%;max-width:100%;margin:0 auto}.elementor-image-gallery .gallery-item img{margin:0 auto}.elementor-image-gallery .gallery-item .gallery-caption{margin:0}.elementor-image-gallery figure img{display:block}.elementor-image-gallery figure figcaption{width:100%}.gallery-spacing-custom .elementor-image-gallery .gallery-icon{padding:0}@media (min-width:768px){.elementor-image-gallery .gallery-columns-2 .gallery-item{max-width:50%}.elementor-image-gallery .gallery-columns-3 .gallery-item{max-width:33.33%}.elementor-image-gallery .gallery-columns-4 .gallery-item{max-width:25%}.elementor-image-gallery .gallery-columns-5 .gallery-item{max-width:20%}.elementor-image-gallery .gallery-columns-6 .gallery-item{max-width:16.666%}.elementor-image-gallery .gallery-columns-7 .gallery-item{max-width:14.28%}.elementor-image-gallery .gallery-columns-8 .gallery-item{max-width:12.5%}.elementor-image-gallery .gallery-columns-9 .gallery-item{max-width:11.11%}.elementor-image-gallery .gallery-columns-10 .gallery-item{max-width:10%}}@media (min-width:480px) and (max-width:767px){.elementor-image-gallery .gallery.gallery-columns-2 .gallery-item,.elementor-image-gallery .gallery.gallery-columns-3 .gallery-item,.elementor-image-gallery .gallery.gallery-columns-4 .gallery-item,.elementor-image-gallery .gallery.gallery-columns-5 .gallery-item,.elementor-image-gallery .gallery.gallery-columns-6 .gallery-item,.elementor-image-gallery .gallery.gallery-columns-7 .gallery-item,.elementor-image-gallery .gallery.gallery-columns-8 .gallery-item,.elementor-image-gallery .gallery.gallery-columns-9 .gallery-item,.elementor-image-gallery .gallery.gallery-columns-10 .gallery-item{max-width:50%}}@media (max-width:479px){.elementor-image-gallery .gallery.gallery-columns-2 .gallery-item,.elementor-image-gallery .gallery.gallery-columns-3 .gallery-item,.elementor-image-gallery .gallery.gallery-columns-4 .gallery-item,.elementor-image-gallery .gallery.gallery-columns-5 .gallery-item,.elementor-image-gallery .gallery.gallery-columns-6 .gallery-item,.elementor-image-gallery .gallery.gallery-columns-7 .gallery-item,.elementor-image-gallery .gallery.gallery-columns-8 .gallery-item,.elementor-image-gallery .gallery.gallery-columns-9 .gallery-item,.elementor-image-gallery .gallery.gallery-columns-10 .gallery-item{max-width:100%}}<\/style>\t\t<div class=\"elementor-image-gallery\">\n\t\t\t<div id='gallery-1' class='gallery galleryid-484 gallery-columns-3 gallery-size-medium_large'><figure class='gallery-item'>\n\t\t\t<div class='gallery-icon landscape'>\n\t\t\t\t<a data-elementor-open-lightbox=\"yes\" data-elementor-lightbox-slideshow=\"531ff14\" data-elementor-lightbox-title=\"malowanie-proszkowe3\" data-e-action-hash=\"#elementor-action%3Aaction%3Dlightbox%26settings%3DeyJpZCI6NTMwLCJ1cmwiOiJodHRwczpcL1wvc2VydmljZXBhcnRuZXIuY29tLnBsXC93cC1jb250ZW50XC91cGxvYWRzXC8yMDIzXC8xMFwvbWFsb3dhbmllLXByb3N6a293ZTMuanBlZyIsInNsaWRlc2hvdyI6IjUzMWZmMTQifQ%3D%3D\" href='https:\/\/servicepartner.com.pl\/wp-content\/uploads\/2023\/10\/malowanie-proszkowe3.jpeg'><img loading=\"lazy\" decoding=\"async\" width=\"768\" height=\"512\" src=\"https:\/\/servicepartner.com.pl\/wp-content\/uploads\/2023\/10\/malowanie-proszkowe3-768x512.jpeg\" class=\"attachment-medium_large size-medium_large\" alt=\"\" srcset=\"https:\/\/servicepartner.com.pl\/wp-content\/uploads\/2023\/10\/malowanie-proszkowe3-768x512.jpeg 768w, https:\/\/servicepartner.com.pl\/wp-content\/uploads\/2023\/10\/malowanie-proszkowe3-300x200.jpeg 300w, https:\/\/servicepartner.com.pl\/wp-content\/uploads\/2023\/10\/malowanie-proszkowe3-1024x683.jpeg 1024w, https:\/\/servicepartner.com.pl\/wp-content\/uploads\/2023\/10\/malowanie-proszkowe3.jpeg 1100w\" sizes=\"auto, (max-width: 768px) 100vw, 768px\" \/><\/a>\n\t\t\t<\/div><\/figure><figure class='gallery-item'>\n\t\t\t<div class='gallery-icon landscape'>\n\t\t\t\t<a data-elementor-open-lightbox=\"yes\" data-elementor-lightbox-slideshow=\"531ff14\" data-elementor-lightbox-title=\"malowanie-proszkowe2\" data-e-action-hash=\"#elementor-action%3Aaction%3Dlightbox%26settings%3DeyJpZCI6NTI5LCJ1cmwiOiJodHRwczpcL1wvc2VydmljZXBhcnRuZXIuY29tLnBsXC93cC1jb250ZW50XC91cGxvYWRzXC8yMDIzXC8xMFwvbWFsb3dhbmllLXByb3N6a293ZTIuanBlZyIsInNsaWRlc2hvdyI6IjUzMWZmMTQifQ%3D%3D\" href='https:\/\/servicepartner.com.pl\/wp-content\/uploads\/2023\/10\/malowanie-proszkowe2.jpeg'><img loading=\"lazy\" decoding=\"async\" width=\"768\" height=\"576\" src=\"https:\/\/servicepartner.com.pl\/wp-content\/uploads\/2023\/10\/malowanie-proszkowe2-768x576.jpeg\" class=\"attachment-medium_large size-medium_large\" alt=\"\" srcset=\"https:\/\/servicepartner.com.pl\/wp-content\/uploads\/2023\/10\/malowanie-proszkowe2-768x576.jpeg 768w, https:\/\/servicepartner.com.pl\/wp-content\/uploads\/2023\/10\/malowanie-proszkowe2-300x225.jpeg 300w, https:\/\/servicepartner.com.pl\/wp-content\/uploads\/2023\/10\/malowanie-proszkowe2-1024x768.jpeg 1024w, https:\/\/servicepartner.com.pl\/wp-content\/uploads\/2023\/10\/malowanie-proszkowe2.jpeg 1333w\" sizes=\"auto, (max-width: 768px) 100vw, 768px\" \/><\/a>\n\t\t\t<\/div><\/figure><figure class='gallery-item'>\n\t\t\t<div class='gallery-icon landscape'>\n\t\t\t\t<a data-elementor-open-lightbox=\"yes\" data-elementor-lightbox-slideshow=\"531ff14\" data-elementor-lightbox-title=\"malowanie-proszkowe1\" data-e-action-hash=\"#elementor-action%3Aaction%3Dlightbox%26settings%3DeyJpZCI6NTI4LCJ1cmwiOiJodHRwczpcL1wvc2VydmljZXBhcnRuZXIuY29tLnBsXC93cC1jb250ZW50XC91cGxvYWRzXC8yMDIzXC8xMFwvbWFsb3dhbmllLXByb3N6a293ZTEuanBlZyIsInNsaWRlc2hvdyI6IjUzMWZmMTQifQ%3D%3D\" href='https:\/\/servicepartner.com.pl\/wp-content\/uploads\/2023\/10\/malowanie-proszkowe1.jpeg'><img loading=\"lazy\" decoding=\"async\" width=\"768\" height=\"576\" src=\"https:\/\/servicepartner.com.pl\/wp-content\/uploads\/2023\/10\/malowanie-proszkowe1-768x576.jpeg\" class=\"attachment-medium_large size-medium_large\" alt=\"\" srcset=\"https:\/\/servicepartner.com.pl\/wp-content\/uploads\/2023\/10\/malowanie-proszkowe1-768x576.jpeg 768w, https:\/\/servicepartner.com.pl\/wp-content\/uploads\/2023\/10\/malowanie-proszkowe1-300x225.jpeg 300w, https:\/\/servicepartner.com.pl\/wp-content\/uploads\/2023\/10\/malowanie-proszkowe1-1024x768.jpeg 1024w, https:\/\/servicepartner.com.pl\/wp-content\/uploads\/2023\/10\/malowanie-proszkowe1.jpeg 1333w\" sizes=\"auto, (max-width: 768px) 100vw, 768px\" \/><\/a>\n\t\t\t<\/div><\/figure>\n\t\t<\/div>\n\t\t<\/div>\n\t\t\t\t<\/div>\n\t\t\t\t<\/div>\n\t\t\t\t\t<\/div>\n\t\t\t\t<\/div>\n\t\t<div class=\"elementor-element elementor-element-52f16ec e-flex e-con-boxed e-con e-parent\" data-id=\"52f16ec\" data-element_type=\"container\" data-settings=\"{&quot;content_width&quot;:&quot;boxed&quot;}\" data-core-v316-plus=\"true\">\n\t\t\t\t\t<div class=\"e-con-inner\">\n\t\t\t\t<div class=\"elementor-element elementor-element-77168ac elementor-widget elementor-widget-text-editor\" data-id=\"77168ac\" data-element_type=\"widget\" data-widget_type=\"text-editor.default\">\n\t\t\t\t<div class=\"elementor-widget-container\">\n\t\t\t\t\t\t\t<div class=\"elementor-element elementor-element-7fda79b e-flex e-con-boxed e-con\" data-id=\"7fda79b\" data-element_type=\"container\" data-settings=\"{&quot;content_width&quot;:&quot;boxed&quot;}\">\n<div class=\"e-con-inner\">\n<div class=\"elementor-element elementor-element-997acd9 elementor-widget__width-initial elementor-widget elementor-widget-heading\" data-id=\"997acd9\" data-element_type=\"widget\" data-widget_type=\"heading.default\">\n<div class=\"elementor-widget-container\">\n<h3 class=\"elementor-heading-title elementor-size-default\">CENA ZA&nbsp;MALOWANIE PROSZKOWE \u2013 OD&nbsp;CZEGO ZALE\u017bY?<\/h3>\n<\/div>\n<\/div>\n<div class=\"elementor-element elementor-element-6960d51 elementor-widget elementor-widget-spacer\" data-id=\"6960d51\" data-element_type=\"widget\" data-widget_type=\"spacer.default\">\n<div class=\"elementor-widget-container\">\n<div class=\"elementor-spacer\">\n<div class=\"elementor-spacer-inner\">&nbsp;<span style=\"font-style: inherit; font-weight: inherit; text-align: var(--text-align); background-color: var(--ast-global-color-4); color: var(--ast-global-color-3);\">Kolejnym etapem jest ju\u017c sam proces pokrywania elementu drobinkami farby. Cena za&nbsp;malowanie proszkowe jest uzale\u017cniona od&nbsp;wielko\u015bci elementu, rodzaju i&nbsp;jako\u015bci farby oraz&nbsp;oczywi\u015bcie rodzaju wyko\u0144czenia.<\/span><\/div><\/div><\/div><\/div><div class=\"elementor-element elementor-element-be7f229 elementor-widget elementor-widget-text-editor\" data-id=\"be7f229\" data-element_type=\"widget\" data-widget_type=\"text-editor.default\"><div class=\"elementor-widget-container\">\n<p>Jak przebiega ca\u0142y proces? Na&nbsp;pocz\u0105tku pokrywa si\u0119 ca\u0142\u0105 powierzchni\u0119 elementu naelektryzowanymi cz\u0105stkami farby, kt\u00f3re utrzymuj\u0105 si\u0119 na&nbsp;niej dzi\u0119ki dzia\u0142aniu si\u0142 elektrostatycznych.<\/p>\n<p>Po r\u00f3wnomiernym na\u0142o\u017ceniu farby przedmiot trafia do pieca, w kt\u00f3rym jest wygrzewany w temperaturze od 140 do 200 stopni Celsjusza. Mo\u017cemy zaoferowa\u0107 naszym klientom malowanie proszkowe nawet du\u017cych element\u00f3w. Posiadamy bowiem piec o wymiarach 7 x 2,4 x 1,5 metra.<\/p>\n<p>Podczas wygrzewania w&nbsp;piecu cz\u0105steczki farby ulegaj\u0105 stopieniu i&nbsp;polimeryzacji. Na&nbsp;tym etapie pow\u0142oka zyskuje trwa\u0142o\u015b\u0107 i&nbsp;odporno\u015b\u0107 na&nbsp;szkodliwe dzia\u0142anie czynnik\u00f3w zewn\u0119trznych.<\/p>\n<\/div>\n<\/div>\n<\/div>\n<\/div>\n<div class=\"elementor-element elementor-element-d410cf8 e-flex e-con-boxed e-con\" data-id=\"d410cf8\" data-element_type=\"container\" data-settings=\"{&quot;content_width&quot;:&quot;boxed&quot;}\">\n<div class=\"e-con-inner\">\n<div class=\"elementor-element elementor-element-096e52e elementor-widget__width-initial elementor-widget elementor-widget-heading\" data-id=\"096e52e\" data-element_type=\"widget\" data-widget_type=\"heading.default\">\n<div class=\"elementor-widget-container\">\n<h3 class=\"elementor-heading-title elementor-size-default\">CENA ZA&nbsp;MALOWANIE PROSZKOWE \u2013 CZY&nbsp;JEST WYSOKA W&nbsp;POR\u00d3WNANIU DO&nbsp;INNYCH METOD<\/h3>\n<\/div>\n<\/div>\n<div class=\"elementor-element elementor-element-d2acc81 elementor-widget elementor-widget-spacer\" data-id=\"d2acc81\" data-element_type=\"widget\" data-widget_type=\"spacer.default\">\n<div class=\"elementor-widget-container\">\n<div class=\"elementor-spacer\">\n<div class=\"elementor-spacer-inner\">&nbsp;<span style=\"font-style: inherit; font-weight: inherit; text-align: var(--text-align); background-color: var(--ast-global-color-4); color: var(--ast-global-color-3);\">Naszym klientom oferujemy szeroki wachlarz us\u0142ug z&nbsp;zakresu malowania proszkowego. Jest to&nbsp;rozwi\u0105zanie niezmiernie skuteczne i&nbsp;gwarantuj\u0105ce d\u0142ugofalowy efekt.<\/span><\/div>\n<\/div>\n<\/div>\n<\/div>\n<div class=\"elementor-element elementor-element-ebac1e6 elementor-widget elementor-widget-text-editor\" data-id=\"ebac1e6\" data-element_type=\"widget\" data-widget_type=\"text-editor.default\">\n<div class=\"elementor-widget-container\">\n<p>Warto r\u00f3wnie\u017c pami\u0119ta\u0107 o&nbsp;tym, \u017ce&nbsp;cena za&nbsp;malowanie proszkowe bywa cz\u0119sto ni\u017csza ni\u017c przy innych technikach zabezpieczania metali. Z&nbsp;czego to&nbsp;wynika? Zazwyczaj bowiem dochodzi do&nbsp;znacznie mniejszego zu\u017cycia farby, kt\u00f3ra&nbsp;jest r\u00f3wnomiernie rozk\u0142adana na&nbsp;ca\u0142ej powierzchni elementu. W&nbsp;efekcie p\u0142aci si\u0119 mniej, a&nbsp;zyskuje tak&nbsp;naprawd\u0119 lepszy efekty, idealnie g\u0142adkiej i&nbsp;r\u00f3wnej powierzchni.<\/p>\n<\/div>\n<\/div>\n<\/div>\n<\/div>\t\t\t\t\t\t<\/div>\n\t\t\t\t<\/div>\n\t\t\t\t\t<\/div>\n\t\t\t\t<\/div>\n\t\t\t\t\t\t\t<\/div>\n\t\t","protected":false},"excerpt":{"rendered":"<p>Malowanie proszkowe MAKSYMALNE WYMIARY MALOWANYCH ELEMENT\u00d3W:\u00a0 \u00a0 \u00a0 \u00a0 7 X 2,4 X 1,5 M Malowanie proszkowe jest najbardziej efektywnym sposobem pokrywania metali. Polega na\u00a0nak\u0142adaniu naelektryzowanych cz\u0105stek farby proszkowej na\u00a0malowany element. Naniesiona warstwa proszku utrzymuje si\u0119 na\u00a0powierzchni dzi\u0119ki si\u0142om elektrostatycznym. Nast\u0119pnie pokryte farb\u0105 elementy s\u0105\u00a0wygrzewane w\u00a0piecu w\u00a0temperaturze od\u00a0140 do\u00a0200\u00b0C, gdzie proszek ulega stopieniu i\u00a0polimeryzacji. Proces &hellip;<\/p>\n<p class=\"read-more\"> <a class=\"\" href=\"https:\/\/servicepartner.com.pl\/wp-sp\/malowanie-proszkowe\/\"> <span class=\"screen-reader-text\">Malowanie-proszkowe<\/span> Read More &raquo;<\/a><\/p>\n","protected":false},"author":1,"featured_media":0,"parent":0,"menu_order":0,"comment_status":"closed","ping_status":"closed","template":"","meta":{"site-sidebar-layout":"no-sidebar","site-content-layout":"page-builder","ast-site-content-layout":"full-width-container","site-content-style":"default","site-sidebar-style":"default","ast-global-header-display":"","ast-banner-title-visibility":"","ast-main-header-display":"","ast-hfb-above-header-display":"","ast-hfb-below-header-display":"","ast-hfb-mobile-header-display":"","site-post-title":"disabled","ast-breadcrumbs-content":"","ast-featured-img":"disabled","footer-sml-layout":"","theme-transparent-header-meta":"","adv-header-id-meta":"","stick-header-meta":"","header-above-stick-meta":"","header-main-stick-meta":"","header-below-stick-meta":"","astra-migrate-meta-layouts":"set","footnotes":""},"class_list":["post-484","page","type-page","status-publish","hentry"],"_links":{"self":[{"href":"https:\/\/servicepartner.com.pl\/wp-sp\/wp-json\/wp\/v2\/pages\/484","targetHints":{"allow":["GET"]}}],"collection":[{"href":"https:\/\/servicepartner.com.pl\/wp-sp\/wp-json\/wp\/v2\/pages"}],"about":[{"href":"https:\/\/servicepartner.com.pl\/wp-sp\/wp-json\/wp\/v2\/types\/page"}],"author":[{"embeddable":true,"href":"https:\/\/servicepartner.com.pl\/wp-sp\/wp-json\/wp\/v2\/users\/1"}],"replies":[{"embeddable":true,"href":"https:\/\/servicepartner.com.pl\/wp-sp\/wp-json\/wp\/v2\/comments?post=484"}],"version-history":[{"count":76,"href":"https:\/\/servicepartner.com.pl\/wp-sp\/wp-json\/wp\/v2\/pages\/484\/revisions"}],"predecessor-version":[{"id":569,"href":"https:\/\/servicepartner.com.pl\/wp-sp\/wp-json\/wp\/v2\/pages\/484\/revisions\/569"}],"wp:attachment":[{"href":"https:\/\/servicepartner.com.pl\/wp-sp\/wp-json\/wp\/v2\/media?parent=484"}],"curies":[{"name":"wp","href":"https:\/\/api.w.org\/{rel}","templated":true}]}}